{"id":11716,"date":"2022-03-07T12:49:34","date_gmt":"2022-03-07T12:49:34","guid":{"rendered":"https:\/\/madelyn.qodeinteractive.com\/?page_id=11716"},"modified":"2024-12-03T09:34:22","modified_gmt":"2024-12-03T09:34:22","slug":"blog","status":"publish","type":"page","link":"https:\/\/biradlisunideri.com\/en\/blog\/","title":{"rendered":"Blog"},"content":{"rendered":"<div data-elementor-type=\"wp-page\" data-elementor-id=\"11716\" class=\"elementor elementor-11716\">\n\t\t\t\t\t\t<section class=\"elementor-section elementor-top-section elementor-element elementor-element-aad5a5c elementor-section-full_width qodef-section-title-text-holder-yes elementor-section-height-default elementor-section-height-default qodef-elementor-content-no qodef-elementor-back-btn-skin-default qodef-section-line-animation-holder-no\" data-id=\"aad5a5c\" data-element_type=\"section\" data-e-type=\"section\">\n\t\t\t\t\t\t<div class=\"elementor-container elementor-column-gap-default\">\n\t\t\t\t\t<div class=\"elementor-column elementor-col-100 elementor-top-column elementor-element elementor-element-088e0c5\" data-id=\"088e0c5\" data-element_type=\"column\" data-e-type=\"column\">\n\t\t\t<div class=\"elementor-widget-wrap elementor-element-populated\">\n\t\t\t\t\t\t<div class=\"elementor-element elementor-element-b9480aa elementor-widget elementor-widget-spacer\" data-id=\"b9480aa\" data-element_type=\"widget\" data-e-type=\"widget\" data-widget_type=\"spacer.default\">\n\t\t\t\t<div class=\"elementor-widget-container\">\n\t\t\t\t\t\t\t<div class=\"elementor-spacer\">\n\t\t\t<div class=\"elementor-spacer-inner\"><\/div>\n\t\t<\/div>\n\t\t\t\t\t\t<\/div>\n\t\t\t\t<\/div>\n\t\t\t\t\t<\/div>\n\t\t<\/div>\n\t\t\t\t\t<\/div>\n\t\t<\/section>\n\t\t<div class=\"elementor-element elementor-element-4fa2c60 e-flex e-con-boxed e-con e-parent\" data-id=\"4fa2c60\" data-element_type=\"container\" data-e-type=\"container\">\n\t\t\t\t\t<div class=\"e-con-inner\">\n\t\t\t\t<div class=\"elementor-element elementor-element-c532ed5 elementor-widget elementor-widget-qi_addons_for_elementor_blog_list\" data-id=\"c532ed5\" data-element_type=\"widget\" data-e-type=\"widget\" data-widget_type=\"qi_addons_for_elementor_blog_list.default\">\n\t\t\t\t<div class=\"elementor-widget-container\">\n\t\t\t\t\t<div class=\"qodef-shortcode qodef-m qodef-addons-blog-list qodef-info-no-icons qodef-image--hover-zoom qodef-qi-grid qodef-layout--qi-columns qodef-col-num--2 qodef-item-layout--boxed qodef-responsive--predefined\" >\n\t<div class=\"qodef-grid-inner\">\n\t\t<article class=\"qodef-e qodef-blog-item qodef-grid-item qodef-item--full post-13413 post type-post status-publish format-standard has-post-thumbnail hentry category-uncategorized\">\n\t<div class=\"qodef-e-inner\">\n\t\t<div class=\"qodef-e-media-holder\">\n\t\t\t<div class=\"qodef-e-media\">\n\t\t<div class=\"qodef-e-media-image\">\n\t\t<a itemprop=\"url\" href=\"https:\/\/biradlisunideri.com\/en\/vegan-deri-gelecegin-surdurulebilir-malzemesi\/\">\n\t\t\t<img fetchpriority=\"high\" decoding=\"async\" width=\"2005\" height=\"1339\" src=\"https:\/\/biradlisunideri.com\/wp-content\/uploads\/2024\/11\/vegan-blog.webp\" class=\"attachment-full size-full\" alt=\"\" srcset=\"https:\/\/biradlisunideri.com\/wp-content\/uploads\/2024\/11\/vegan-blog.webp 2005w, https:\/\/biradlisunideri.com\/wp-content\/uploads\/2024\/11\/vegan-blog-300x200.webp 300w, https:\/\/biradlisunideri.com\/wp-content\/uploads\/2024\/11\/vegan-blog-1024x684.webp 1024w, https:\/\/biradlisunideri.com\/wp-content\/uploads\/2024\/11\/vegan-blog-768x513.webp 768w, https:\/\/biradlisunideri.com\/wp-content\/uploads\/2024\/11\/vegan-blog-1536x1026.webp 1536w, https:\/\/biradlisunideri.com\/wp-content\/uploads\/2024\/11\/vegan-blog-18x12.webp 18w, https:\/\/biradlisunideri.com\/wp-content\/uploads\/2024\/11\/vegan-blog-600x401.webp 600w\" sizes=\"(max-width: 2005px) 100vw, 2005px\" \/>\t\t<\/a>\n\t\t\t<\/div>\n<\/div>\n<div itemprop=\"dateCreated\" class=\"qodef-e-info-item qodef-e-info-date entry-date\">\n\t<a itemprop=\"url\" href=\"https:\/\/biradlisunideri.com\/en\/2024\/11\/\">\n\t\t28 Nov\t<\/a>\n<\/div>\n\t\t<\/div>\n\t\t<div class=\"qodef-e-content\">\n\t\t\t\t\t\t\t<div class=\"qodef-e-info qodef-info--top\">\n\t\t\t\t\t\t\t\t\t<\/div>\n\t\t\t\t\t\t<div class=\"qodef-e-text\">\n\t\t\t\t<h6 itemprop=\"name\" class=\"qodef-e-title entry-title\">\n\t<a itemprop=\"url\" class=\"qodef-e-title-link\" href=\"https:\/\/biradlisunideri.com\/en\/vegan-deri-gelecegin-surdurulebilir-malzemesi\/\">\n\t\tVegan Deri: Gelece\u011fin S\u00fcrd\u00fcr\u00fclebilir Malzemesi\t<\/a>\n<\/h6>\n\t\t<p itemprop=\"description\" class=\"qodef-e-excerpt\">\n\t\t\tVEGAN DER\u0130 Gelece\u011fin S\u00fcrd\u00fcr\u00fclebilir Malzemesi Geleneksel deri \u00fcr\u00fcnlere etik ve \u00e7evre dostu bir alternatif sunan vegan deri, son y\u0131llarda moda, tekstil ve dekoras\t\t<\/p>\n\t\t\t\t<\/div>\n\t\t\t\t\t\t\t<div class=\"qodef-e-info qodef-info--bottom\">\n\t\t\t\t\t\t<div class=\"qodef-e-read-more\">\n\t\t<a class=\"qodef-shortcode qodef-m qodef-qi-button qodef-html--link qodef-layout--filled qodef-type--icon-boxed qodef-size--small qodef-icon--right qodef-hover--icon-move-horizontal-short\" href=\"https:\/\/biradlisunideri.com\/en\/vegan-deri-gelecegin-surdurulebilir-malzemesi\/\" target=\"_self\">\t<span class=\"qodef-m-text\">Daha Fazla<\/span>\t<\/a>\t<\/div>\n\t\t\t\t<\/div>\n\t\t\t\t\t<\/div>\n\t<\/div>\n<\/article>\n\t<\/div>\n\t<\/div>\n\t\t\t\t<\/div>\n\t\t\t\t<\/div>\n\t\t\t\t\t<\/div>\n\t\t\t\t<\/div>\n\t\t\t\t<\/div>","protected":false},"excerpt":{"rendered":"<p>28 Kas Vegan Deri: Gelece\u011fin S\u00fcrd\u00fcr\u00fclebilir Malzemesi VEGAN DER\u0130 Gelece\u011fin S\u00fcrd\u00fcr\u00fclebilir Malzemesi Geleneksel deri \u00fcr\u00fcnlere etik ve \u00e7evre dostu bir alternatif sunan vegan deri, son y\u0131llarda moda, tekstil ve dekoras Daha Fazla<\/p>","protected":false},"author":2,"featured_media":0,"parent":0,"menu_order":0,"comment_status":"closed","ping_status":"closed","template":"elementor_header_footer","meta":{"om_disable_all_campaigns":false,"_monsterinsights_skip_tracking":false,"_monsterinsights_sitenote_active":false,"_monsterinsights_sitenote_note":"","_monsterinsights_sitenote_category":0,"footnotes":""},"class_list":["post-11716","page","type-page","status-publish","hentry"],"aioseo_notices":[],"_links":{"self":[{"href":"https:\/\/biradlisunideri.com\/en\/wp-json\/wp\/v2\/pages\/11716","targetHints":{"allow":["GET"]}}],"collection":[{"href":"https:\/\/biradlisunideri.com\/en\/wp-json\/wp\/v2\/pages"}],"about":[{"href":"https:\/\/biradlisunideri.com\/en\/wp-json\/wp\/v2\/types\/page"}],"author":[{"embeddable":true,"href":"https:\/\/biradlisunideri.com\/en\/wp-json\/wp\/v2\/users\/2"}],"replies":[{"embeddable":true,"href":"https:\/\/biradlisunideri.com\/en\/wp-json\/wp\/v2\/comments?post=11716"}],"version-history":[{"count":4,"href":"https:\/\/biradlisunideri.com\/en\/wp-json\/wp\/v2\/pages\/11716\/revisions"}],"predecessor-version":[{"id":13620,"href":"https:\/\/biradlisunideri.com\/en\/wp-json\/wp\/v2\/pages\/11716\/revisions\/13620"}],"wp:attachment":[{"href":"https:\/\/biradlisunideri.com\/en\/wp-json\/wp\/v2\/media?parent=11716"}],"curies":[{"name":"wp","href":"https:\/\/api.w.org\/{rel}","templated":true}]}}