{"id":3569,"date":"2021-12-09T12:13:17","date_gmt":"2021-12-09T12:13:17","guid":{"rendered":"https:\/\/madelyn.qodeinteractive.com\/?page_id=3569"},"modified":"2024-11-29T23:27:06","modified_gmt":"2024-11-29T23:27:06","slug":"iletisim","status":"publish","type":"page","link":"https:\/\/biradlisunideri.com\/en\/iletisim\/","title":{"rendered":"\u0130leti\u015fim"},"content":{"rendered":"<div data-elementor-type=\"wp-page\" data-elementor-id=\"3569\" class=\"elementor elementor-3569\">\n\t\t\t\t\t\t<section class=\"elementor-section elementor-top-section elementor-element elementor-element-6007f76 qodef-section-title-text-holder-yes elementor-hidden-desktop elementor-hidden-tablet elementor-section-boxed elementor-section-height-default elementor-section-height-default qodef-elementor-content-no qodef-elementor-back-btn-skin-default qodef-section-line-animation-holder-no\" data-id=\"6007f76\" data-element_type=\"section\" data-e-type=\"section\" data-settings=\"{&quot;background_background&quot;:&quot;classic&quot;}\">\n\t\t\t\t\t\t\t<div class=\"elementor-background-overlay\"><\/div>\n\t\t\t\t\t\t\t<div class=\"elementor-container elementor-column-gap-default\">\n\t\t\t\t\t<div class=\"qodef-background-text elementor-column elementor-col-100 elementor-top-column elementor-element elementor-element-fc3e0e9\" data-id=\"fc3e0e9\" data-element_type=\"column\" data-e-type=\"column\" data-settings=\"{&quot;background_background&quot;:&quot;classic&quot;}\">\n\t\t\t<div class=\"elementor-widget-wrap elementor-element-populated\">\n\t\t\t\t\t\t<div class=\"elementor-element elementor-element-e3b11cf elementor-widget elementor-widget-spacer\" data-id=\"e3b11cf\" data-element_type=\"widget\" data-e-type=\"widget\" data-widget_type=\"spacer.default\">\n\t\t\t\t<div class=\"elementor-widget-container\">\n\t\t\t\t\t\t\t<div class=\"elementor-spacer\">\n\t\t\t<div class=\"elementor-spacer-inner\"><\/div>\n\t\t<\/div>\n\t\t\t\t\t\t<\/div>\n\t\t\t\t<\/div>\n\t\t\t\t\t<\/div>\n\t\t<\/div>\n\t\t\t\t\t<\/div>\n\t\t<\/section>\n\t\t\t\t<section class=\"elementor-section elementor-top-section elementor-element elementor-element-dd74319 elementor-section-full_width qodef-section-title-text-holder-yes elementor-section-height-default elementor-section-height-default qodef-elementor-content-no qodef-elementor-back-btn-skin-default qodef-section-line-animation-holder-no\" data-id=\"dd74319\" data-element_type=\"section\" data-e-type=\"section\">\n\t\t\t\t\t\t<div class=\"elementor-container elementor-column-gap-default\">\n\t\t\t\t\t<div class=\"elementor-column elementor-col-100 elementor-top-column elementor-element elementor-element-80c7eb9\" data-id=\"80c7eb9\" data-element_type=\"column\" data-e-type=\"column\">\n\t\t\t<div class=\"elementor-widget-wrap elementor-element-populated\">\n\t\t\t\t\t\t<div class=\"elementor-element elementor-element-be02c55 elementor-widget elementor-widget-image\" data-id=\"be02c55\" data-element_type=\"widget\" data-e-type=\"widget\" data-widget_type=\"image.default\">\n\t\t\t\t<div class=\"elementor-widget-container\">\n\t\t\t\t\t\t\t\t\t\t\t\t\t\t\t<img fetchpriority=\"high\" decoding=\"async\" width=\"830\" height=\"274\" src=\"https:\/\/biradlisunideri.com\/wp-content\/uploads\/2024\/03\/405-BRD-ZARA-bnnr.png\" class=\"attachment-full size-full wp-image-13123\" alt=\"\" srcset=\"https:\/\/biradlisunideri.com\/wp-content\/uploads\/2024\/03\/405-BRD-ZARA-bnnr.png 830w, https:\/\/biradlisunideri.com\/wp-content\/uploads\/2024\/03\/405-BRD-ZARA-bnnr-300x99.png 300w, https:\/\/biradlisunideri.com\/wp-content\/uploads\/2024\/03\/405-BRD-ZARA-bnnr-768x254.png 768w, https:\/\/biradlisunideri.com\/wp-content\/uploads\/2024\/03\/405-BRD-ZARA-bnnr-18x6.png 18w, https:\/\/biradlisunideri.com\/wp-content\/uploads\/2024\/03\/405-BRD-ZARA-bnnr-600x198.png 600w\" sizes=\"(max-width: 830px) 100vw, 830px\" \/>\t\t\t\t\t\t\t\t\t\t\t\t\t\t\t<\/div>\n\t\t\t\t<\/div>\n\t\t\t\t\t<\/div>\n\t\t<\/div>\n\t\t\t\t\t<\/div>\n\t\t<\/section>\n\t\t\t\t<section class=\"elementor-section elementor-top-section elementor-element elementor-element-ccfeda6 elementor-section-full_width qodef-elementor-content-grid elementor-section-height-default elementor-section-height-default qodef-elementor-back-btn-skin-default qodef-section-title-text-holder-no qodef-section-line-animation-holder-no\" data-id=\"ccfeda6\" data-element_type=\"section\" data-e-type=\"section\">\n\t\t\t\t\t\t<div class=\"elementor-container elementor-column-gap-default\">\n\t\t\t\t\t<div class=\"elementor-column elementor-col-50 elementor-top-column elementor-element elementor-element-9c9a6ff\" data-id=\"9c9a6ff\" data-element_type=\"column\" data-e-type=\"column\">\n\t\t\t<div class=\"elementor-widget-wrap elementor-element-populated\">\n\t\t\t\t\t\t<div class=\"elementor-element elementor-element-37b8fa2 elementor-widget elementor-widget-heading\" data-id=\"37b8fa2\" data-element_type=\"widget\" data-e-type=\"widget\" data-widget_type=\"heading.default\">\n\t\t\t\t<div class=\"elementor-widget-container\">\n\t\t\t\t\t<h2 class=\"elementor-heading-title elementor-size-default\">Biradl\u0131 Deri &amp; Kuma\u015f<\/h2>\t\t\t\t<\/div>\n\t\t\t\t<\/div>\n\t\t\t\t<div class=\"elementor-element elementor-element-da2e862 elementor-widget elementor-widget-text-editor\" data-id=\"da2e862\" data-element_type=\"widget\" data-e-type=\"widget\" data-widget_type=\"text-editor.default\">\n\t\t\t\t<div class=\"elementor-widget-container\">\n\t\t\t\t\t\t\t\t\t<p style=\"text-align: center; font-size: 16px;\"><a href=\"https:\/\/www.google.com\/maps\/place\/Biradl%C4%B1+Deri+%26+Kuma%C5%9F\/@41.0141495,28.8861631,17z\/data=!3m1!4b1!4m6!3m5!1s0x14cabb1926c77173:0x49c0eb1e4745bb73!8m2!3d41.0141495!4d28.8861631!16s%2Fg%2F11rr2ypbsg?entry=ttu\" target=\"_blank\" rel=\"noopener\">Sava\u015f Cad, Kavakl\u0131 Soka\u011f\u0131 28 \/ A, G\u00fcng\u00f6ren\/\u0130stanbul<\/a><\/p>\t\t\t\t\t\t\t\t<\/div>\n\t\t\t\t<\/div>\n\t\t\t\t<div class=\"elementor-element elementor-element-52e17a4 elementor-widget elementor-widget-text-editor\" data-id=\"52e17a4\" data-element_type=\"widget\" data-e-type=\"widget\" data-widget_type=\"text-editor.default\">\n\t\t\t\t<div class=\"elementor-widget-container\">\n\t\t\t\t\t\t\t\t\t<p style=\"text-align: center; font-size: 16px;\">Telefon: <a href=\"tel:+902126445844\">0 (212) 644 58 44<\/a><\/p>\t\t\t\t\t\t\t\t<\/div>\n\t\t\t\t<\/div>\n\t\t\t\t<div class=\"elementor-element elementor-element-b1a30e9 elementor-widget elementor-widget-text-editor\" data-id=\"b1a30e9\" data-element_type=\"widget\" data-e-type=\"widget\" data-widget_type=\"text-editor.default\">\n\t\t\t\t<div class=\"elementor-widget-container\">\n\t\t\t\t\t\t\t\t\t<p style=\"text-align: center; font-size: 16px;\"><a href=\"mailto:info@biradlisunideri.com\">info@biradlisunideri.com<\/a><\/p>\t\t\t\t\t\t\t\t<\/div>\n\t\t\t\t<\/div>\n\t\t\t\t<div class=\"elementor-element elementor-element-dc75641 elementor-widget elementor-widget-spacer\" data-id=\"dc75641\" data-element_type=\"widget\" data-e-type=\"widget\" data-widget_type=\"spacer.default\">\n\t\t\t\t<div class=\"elementor-widget-container\">\n\t\t\t\t\t\t\t<div class=\"elementor-spacer\">\n\t\t\t<div class=\"elementor-spacer-inner\"><\/div>\n\t\t<\/div>\n\t\t\t\t\t\t<\/div>\n\t\t\t\t<\/div>\n\t\t\t\t<div class=\"elementor-element elementor-element-f9b0453 elementor-widget elementor-widget-html\" data-id=\"f9b0453\" data-element_type=\"widget\" data-e-type=\"widget\" data-widget_type=\"html.default\">\n\t\t\t\t<div class=\"elementor-widget-container\">\n\t\t\t\t\t<iframe src=\"https:\/\/www.google.com\/maps\/embed?pb=!1m18!1m12!1m3!1d3010.5075983241886!2d28.8861631!3d41.014149499999995!2m3!1f0!2f0!3f0!3m2!1i1024!2i768!4f13.1!3m3!1m2!1s0x14cabb1926c77173%3A0x49c0eb1e4745bb73!2zQmlyYWRsxLEgRGVyaSAmIEt1bWHFnw!5e0!3m2!1str!2str!4v1714992194638!5m2!1str!2str\" width=\"600\" height=\"350\" style=\"border:0;\" allowfullscreen=\"\" loading=\"lazy\" referrerpolicy=\"no-referrer-when-downgrade\"><\/iframe>\t\t\t\t<\/div>\n\t\t\t\t<\/div>\n\t\t\t\t\t<\/div>\n\t\t<\/div>\n\t\t\t\t<div class=\"elementor-column elementor-col-50 elementor-top-column elementor-element elementor-element-f9dd6b4\" data-id=\"f9dd6b4\" data-element_type=\"column\" data-e-type=\"column\">\n\t\t\t<div class=\"elementor-widget-wrap elementor-element-populated\">\n\t\t\t\t\t\t<div class=\"elementor-element elementor-element-fa3c222 elementor-widget elementor-widget-heading\" data-id=\"fa3c222\" data-element_type=\"widget\" data-e-type=\"widget\" data-widget_type=\"heading.default\">\n\t\t\t\t<div class=\"elementor-widget-container\">\n\t\t\t\t\t<h2 class=\"elementor-heading-title elementor-size-default\">Biradli Deri &amp; Kuma\u015f \u0130thalat<\/h2>\t\t\t\t<\/div>\n\t\t\t\t<\/div>\n\t\t\t\t<div class=\"elementor-element elementor-element-46a2ba8 elementor-widget elementor-widget-text-editor\" data-id=\"46a2ba8\" data-element_type=\"widget\" data-e-type=\"widget\" data-widget_type=\"text-editor.default\">\n\t\t\t\t<div class=\"elementor-widget-container\">\n\t\t\t\t\t\t\t\t\t<p style=\"text-align: center; font-size: 16px;\"><a href=\"https:\/\/www.google.com\/maps\/place\/Biradli+Deri+%26+Kuma%C5%9F+%C3%8Dthalat\/@41.0565483,28.8961613,17z\/data=!3m1!4b1!4m6!3m5!1s0x14cab079b5e137c3:0xbab155583a0f24ff!8m2!3d41.0565483!4d28.8961613!16s%2Fg%2F11mvvlry7t?entry=ttu\" target=\"_blank\" rel=\"noopener\">Kartaltepe, 50. Y\u0131l Cd No:94, 34040 Bayrampa\u015fa\/\u0130stanbul<\/a><\/p>\t\t\t\t\t\t\t\t<\/div>\n\t\t\t\t<\/div>\n\t\t\t\t<div class=\"elementor-element elementor-element-7707ab9 elementor-widget elementor-widget-text-editor\" data-id=\"7707ab9\" data-element_type=\"widget\" data-e-type=\"widget\" data-widget_type=\"text-editor.default\">\n\t\t\t\t<div class=\"elementor-widget-container\">\n\t\t\t\t\t\t\t\t\t<p style=\"text-align: center; font-size: 16px;\">Telefon: <a href=\"tel:+902126445844\">0 (212) 644 58 44<\/a><\/p>\t\t\t\t\t\t\t\t<\/div>\n\t\t\t\t<\/div>\n\t\t\t\t<div class=\"elementor-element elementor-element-9d77175 elementor-widget elementor-widget-text-editor\" data-id=\"9d77175\" data-element_type=\"widget\" data-e-type=\"widget\" data-widget_type=\"text-editor.default\">\n\t\t\t\t<div class=\"elementor-widget-container\">\n\t\t\t\t\t\t\t\t\t<p style=\"text-align: center; font-size: 16px;\"><a href=\"mailto:info@biradlisunideri.com\">info@biradlisunideri.com<\/a><\/p>\t\t\t\t\t\t\t\t<\/div>\n\t\t\t\t<\/div>\n\t\t\t\t<div class=\"elementor-element elementor-element-a916b19 elementor-widget elementor-widget-spacer\" data-id=\"a916b19\" data-element_type=\"widget\" data-e-type=\"widget\" data-widget_type=\"spacer.default\">\n\t\t\t\t<div class=\"elementor-widget-container\">\n\t\t\t\t\t\t\t<div class=\"elementor-spacer\">\n\t\t\t<div class=\"elementor-spacer-inner\"><\/div>\n\t\t<\/div>\n\t\t\t\t\t\t<\/div>\n\t\t\t\t<\/div>\n\t\t\t\t<div class=\"elementor-element elementor-element-644dafe elementor-widget elementor-widget-html\" data-id=\"644dafe\" data-element_type=\"widget\" data-e-type=\"widget\" data-widget_type=\"html.default\">\n\t\t\t\t<div class=\"elementor-widget-container\">\n\t\t\t\t\t<iframe src=\"https:\/\/www.google.com\/maps\/embed?pb=!1m18!1m12!1m3!1d3008.5692358317797!2d28.8961613!3d41.05654829999999!2m3!1f0!2f0!3f0!3m2!1i1024!2i768!4f13.1!3m3!1m2!1s0x14cab079b5e137c3%3A0xbab155583a0f24ff!2sBiradli%20Deri%20%26%20Kuma%C5%9F%20%C3%8Dthalat!5e0!3m2!1str!2str!4v1714992664295!5m2!1str!2str\" width=\"600\" height=\"350\" style=\"border:0;\" allowfullscreen=\"\" loading=\"lazy\" referrerpolicy=\"no-referrer-when-downgrade\"><\/iframe>\t\t\t\t<\/div>\n\t\t\t\t<\/div>\n\t\t\t\t\t<\/div>\n\t\t<\/div>\n\t\t\t\t\t<\/div>\n\t\t<\/section>\n\t\t\t\t<section class=\"elementor-section elementor-top-section elementor-element elementor-element-391889af elementor-section-full_width elementor-hidden-desktop elementor-hidden-tablet elementor-hidden-mobile elementor-section-height-default elementor-section-height-default qodef-elementor-content-no qodef-elementor-back-btn-skin-default qodef-section-title-text-holder-no qodef-section-line-animation-holder-no\" data-id=\"391889af\" data-element_type=\"section\" data-e-type=\"section\" data-settings=\"{&quot;background_background&quot;:&quot;classic&quot;}\">\n\t\t\t\t\t\t<div class=\"elementor-container elementor-column-gap-default\">\n\t\t\t\t\t<div class=\"elementor-column elementor-col-100 elementor-top-column elementor-element elementor-element-45cac233\" data-id=\"45cac233\" data-element_type=\"column\" data-e-type=\"column\">\n\t\t\t<div class=\"elementor-widget-wrap elementor-element-populated\">\n\t\t\t\t\t\t<section class=\"elementor-section elementor-inner-section elementor-element elementor-element-1cc4792f elementor-section-full_width elementor-section-height-default elementor-section-height-default qodef-elementor-content-no qodef-elementor-back-btn-skin-default qodef-section-title-text-holder-no qodef-section-line-animation-holder-no\" data-id=\"1cc4792f\" data-element_type=\"section\" data-e-type=\"section\">\n\t\t\t\t\t\t<div class=\"elementor-container elementor-column-gap-default\">\n\t\t\t\t\t<div class=\"elementor-column elementor-col-50 elementor-inner-column elementor-element elementor-element-3793add1\" data-id=\"3793add1\" data-element_type=\"column\" data-e-type=\"column\">\n\t\t\t<div class=\"elementor-widget-wrap elementor-element-populated\">\n\t\t\t\t\t\t<div class=\"elementor-element elementor-element-232bb17e elementor-widget elementor-widget-heading\" data-id=\"232bb17e\" data-element_type=\"widget\" data-e-type=\"widget\" data-widget_type=\"heading.default\">\n\t\t\t\t<div class=\"elementor-widget-container\">\n\t\t\t\t\t<h3 class=\"elementor-heading-title elementor-size-default\">need to message\nus? contact us<\/h3>\t\t\t\t<\/div>\n\t\t\t\t<\/div>\n\t\t\t\t<div class=\"elementor-element elementor-element-7d6a87a3 elementor-widget elementor-widget-spacer\" data-id=\"7d6a87a3\" data-element_type=\"widget\" data-e-type=\"widget\" data-widget_type=\"spacer.default\">\n\t\t\t\t<div class=\"elementor-widget-container\">\n\t\t\t\t\t\t\t<div class=\"elementor-spacer\">\n\t\t\t<div class=\"elementor-spacer-inner\"><\/div>\n\t\t<\/div>\n\t\t\t\t\t\t<\/div>\n\t\t\t\t<\/div>\n\t\t\t\t\t<\/div>\n\t\t<\/div>\n\t\t\t\t<div class=\"elementor-column elementor-col-50 elementor-inner-column elementor-element elementor-element-1caf7283\" data-id=\"1caf7283\" data-element_type=\"column\" data-e-type=\"column\">\n\t\t\t<div class=\"elementor-widget-wrap elementor-element-populated\">\n\t\t\t\t\t\t<div class=\"elementor-element elementor-element-a067f1f elementor-widget elementor-widget-image\" data-id=\"a067f1f\" data-element_type=\"widget\" data-e-type=\"widget\" data-widget_type=\"image.default\">\n\t\t\t\t<div class=\"elementor-widget-container\">\n\t\t\t\t\t\t\t\t\t\t\t\t\t\t\t<img decoding=\"async\" src=\"https:\/\/madelyn.qodeinteractive.com\/wp-content\/uploads\/2021\/12\/contact-us-image-2.jpg\" title=\"\" alt=\"g\" loading=\"lazy\" \/>\t\t\t\t\t\t\t\t\t\t\t\t\t\t\t<\/div>\n\t\t\t\t<\/div>\n\t\t\t\t\t<\/div>\n\t\t<\/div>\n\t\t\t\t\t<\/div>\n\t\t<\/section>\n\t\t\t\t\t<\/div>\n\t\t<\/div>\n\t\t\t\t\t<\/div>\n\t\t<\/section>\n\t\t\t\t<\/div>","protected":false},"excerpt":{"rendered":"<p>Biradl\u0131 Deri &amp; Kuma\u015f Sava\u015f Cad, Kavakl\u0131 Soka\u011f\u0131 28 \/ A, G\u00fcng\u00f6ren\/\u0130stanbul Telefon: 0 (212) 644 58 44 info@biradlisunideri.com Biradli Deri &amp; Kuma\u015f \u0130thalat Kartaltepe, 50. Y\u0131l Cd No:94, 34040 Bayrampa\u015fa\/\u0130stanbul Telefon: 0 (212) 644 58 44 info@biradlisunideri.com need to message us? contact us<\/p>","protected":false},"author":2,"featured_media":0,"parent":0,"menu_order":0,"comment_status":"closed","ping_status":"closed","template":"page-full-width.php","meta":{"om_disable_all_campaigns":false,"_monsterinsights_skip_tracking":false,"_monsterinsights_sitenote_active":false,"_monsterinsights_sitenote_note":"","_monsterinsights_sitenote_category":0,"footnotes":""},"class_list":["post-3569","page","type-page","status-publish","hentry"],"aioseo_notices":[],"_links":{"self":[{"href":"https:\/\/biradlisunideri.com\/en\/wp-json\/wp\/v2\/pages\/3569","targetHints":{"allow":["GET"]}}],"collection":[{"href":"https:\/\/biradlisunideri.com\/en\/wp-json\/wp\/v2\/pages"}],"about":[{"href":"https:\/\/biradlisunideri.com\/en\/wp-json\/wp\/v2\/types\/page"}],"author":[{"embeddable":true,"href":"https:\/\/biradlisunideri.com\/en\/wp-json\/wp\/v2\/users\/2"}],"replies":[{"embeddable":true,"href":"https:\/\/biradlisunideri.com\/en\/wp-json\/wp\/v2\/comments?post=3569"}],"version-history":[{"count":34,"href":"https:\/\/biradlisunideri.com\/en\/wp-json\/wp\/v2\/pages\/3569\/revisions"}],"predecessor-version":[{"id":13565,"href":"https:\/\/biradlisunideri.com\/en\/wp-json\/wp\/v2\/pages\/3569\/revisions\/13565"}],"wp:attachment":[{"href":"https:\/\/biradlisunideri.com\/en\/wp-json\/wp\/v2\/media?parent=3569"}],"curies":[{"name":"wp","href":"https:\/\/api.w.org\/{rel}","templated":true}]}}